{"id":1897,"date":"2024-10-07T18:56:46","date_gmt":"2024-10-07T16:56:46","guid":{"rendered":"https:\/\/panorando.ch\/agb\/"},"modified":"2025-02-06T19:38:40","modified_gmt":"2025-02-06T18:38:40","slug":"agb","status":"publish","type":"page","link":"https:\/\/panorando.ch\/de\/agb\/","title":{"rendered":"AGB"},"content":{"rendered":"\t\t<div data-elementor-type=\"wp-page\" data-elementor-id=\"1897\" class=\"elementor elementor-1897 elementor-489\" data-elementor-post-type=\"page\">\n\t\t\t\t<div class=\"elementor-element elementor-element-766a471 e-flex e-con-boxed e-con e-parent\" data-id=\"766a471\" data-element_type=\"container\">\n\t\t\t\t\t<div class=\"e-con-inner\">\n\t\t\t\t<div class=\"elementor-element elementor-element-bb6826a elementor-widget elementor-widget-heading\" data-id=\"bb6826a\" data-element_type=\"widget\" data-widget_type=\"heading.default\">\n\t\t\t\t<div class=\"elementor-widget-container\">\n\t\t\t\t\t<h1 class=\"elementor-heading-title elementor-size-default\">Allgemeine Verkaufsbedingungen (AGB)<\/h1>\t\t\t\t<\/div>\n\t\t\t\t<\/div>\n\t\t\t\t<div class=\"elementor-element elementor-element-ccaef81 elementor-widget elementor-widget-text-editor\" data-id=\"ccaef81\" data-element_type=\"widget\" data-widget_type=\"text-editor.default\">\n\t\t\t\t<div class=\"elementor-widget-container\">\n\t\t\t\t\t\t\t\t\t<h3><em>Artikel 1: Anwendungsbereich<\/em><\/h3>\n<p>Die vorliegenden Allgemeinen Gesch\u00e4ftsbedingungen gelten f\u00fcr alle Dienstleistungen, die von Panaroma erbracht werden. <a class=\"mail-link\" data-enc-email=\"vasb[at]cnabenaqb.pu\" data-wpel-link=\"ignore\"><span id=\"eeb-917201-145813\">Pano-rando<\/span><\/a>Im Folgenden &#8222;der Auftragnehmer&#8220; genannt, auf dem Gebiet der angewandten Werbung. Jede Bestellung setzt die vorbehaltlose Annahme dieser Bedingungen voraus.<\/p>\n<h3><em>Artikel 2: Bestellung<\/em><\/h3>\n<p>Auftr\u00e4ge k\u00f6nnen schriftlich (per E-Mail oder Post) erteilt werden und gelten nach schriftlicher Best\u00e4tigung durch den Auftragnehmer als verbindlich. Der Auftragnehmer beh\u00e4lt sich das Recht vor, eine Bestellung aus legitimen Gr\u00fcnden abzulehnen.<\/p>\n<h3><em>Artikel 3: Preis<\/em><\/h3>\n<p>Die Preise f\u00fcr die Leistungen sind die zum Zeitpunkt der Bestellung g\u00fcltigen Preise. Sie verstehen sich ohne Steuern, und die anwendbare Mehrwertsteuer wird zum Zeitpunkt der Rechnungsstellung hinzugef\u00fcgt. Der Dienstleister beh\u00e4lt sich das Recht vor, seine Preise jederzeit zu \u00e4ndern, sofern er den Kunden davon in Kenntnis setzt.<\/p>\n<h3><em>Artikel 4: Zahlung<\/em><\/h3>\n<p>Die Zahlung erfolgt gem\u00e4\u00df den bei der Bestellung vereinbarten Modalit\u00e4ten. Im Falle eines Zahlungsverzugs werden Verzugszinsen in H\u00f6he des geltenden gesetzlichen Zinssatzes erhoben. Der Auftragnehmer beh\u00e4lt sich das Recht vor, die Ausf\u00fchrung seiner Leistungen im Falle einer Nichtzahlung auszusetzen.<\/p>\n<h3><em>Artikel 5: Lieferung der Leistungen<\/em><\/h3>\n<p>Die Lieferfristen f\u00fcr die Leistungen sind Richtwerte. Im Falle einer Verz\u00f6gerung wird der Kunde so schnell wie m\u00f6glich informiert. Der Auftragnehmer kann nicht f\u00fcr die Folgen einer versp\u00e4teten Lieferung der Leistungen haftbar gemacht werden.<\/p>\n<h3><em>Artikel 6: Pflichten des Kunden<\/em><\/h3>\n<p>Der Auftraggeber verpflichtet sich, dem Auftragnehmer alle Informationen und Dokumente zur Verf\u00fcgung zu stellen, die f\u00fcr die Erbringung der Leistungen erforderlich sind. Der Kunde ist f\u00fcr die Richtigkeit der \u00fcbermittelten Informationen verantwortlich.<\/p>\n<h3><em>Artikel 7: Geistiges Eigentum<\/em><\/h3>\n<p>Alle vom Auftragnehmer im Zusammenhang mit den Leistungen bereitgestellten Materialien bleiben bis zur vollst\u00e4ndigen Bezahlung Eigentum des Auftragnehmers. Der Kunde erh\u00e4lt ein Nutzungsrecht f\u00fcr die erstellten Kreationen ausschlie\u00dflich f\u00fcr die Zwecke seiner Kommunikation.<\/p>\n<h3><em>Artikel 8: Vertraulichkeit<\/em><\/h3>\n<p>Die Parteien verpflichten sich, die Vertraulichkeit der im Rahmen der Ausf\u00fchrung der Leistungen ausgetauschten Informationen zu wahren.<\/p>\n<h3><em>Artikel 9: Streitigkeiten<\/em><\/h3>\n<p>Alle Streitigkeiten in Bezug auf die Auslegung oder Ausf\u00fchrung der vorliegenden AGB werden den zust\u00e4ndigen Gerichten von [votre ville] vorgelegt.<\/p>\n<h3><em>Artikel 10: \u00c4nderungen der AGB<\/em><\/h3>\n<p>Der Dienstleister beh\u00e4lt sich das Recht vor, seine Allgemeinen Gesch\u00e4ftsbedingungen zu \u00e4ndern. Die neuen Bedingungen gelten f\u00fcr Auftr\u00e4ge, die nach ihrer Ver\u00f6ffentlichung erteilt werden.<\/p>\n<\/p>\n<p><strong>Datum des Inkrafttretens: 1. November 2024<\/strong><\/p>\n\t\t\t\t\t\t\t\t<\/div>\n\t\t\t\t<\/div>\n\t\t\t\t\t<\/div>\n\t\t\t\t<\/div>\n\t\t\t\t<\/div>\n\t\t","protected":false},"excerpt":{"rendered":"<p>Allgemeine Verkaufsbedingungen (AGB) Artikel 1: Anwendungsbereich Die vorliegenden Allgemeinen Gesch\u00e4ftsbedingungen gelten f\u00fcr alle Dienstleistungen, die von Panaroma erbracht werden. Pano-randoIm Folgenden &#8222;der Auftragnehmer&#8220; genannt, auf dem Gebiet der angewandten Werbung. Jede Bestellung setzt die vorbehaltlose Annahme dieser Bedingungen voraus. Artikel 2: Bestellung Auftr\u00e4ge k\u00f6nnen schriftlich (per E-Mail oder Post) erteilt werden und gelten nach schriftlicher [&hellip;]<\/p>\n","protected":false},"author":1,"featured_media":0,"parent":0,"menu_order":0,"comment_status":"closed","ping_status":"closed","template":"","meta":{"footnotes":""},"class_list":["post-1897","page","type-page","status-publish","hentry"],"_links":{"self":[{"href":"https:\/\/panorando.ch\/de\/wp-json\/wp\/v2\/pages\/1897","targetHints":{"allow":["GET"]}}],"collection":[{"href":"https:\/\/panorando.ch\/de\/wp-json\/wp\/v2\/pages"}],"about":[{"href":"https:\/\/panorando.ch\/de\/wp-json\/wp\/v2\/types\/page"}],"author":[{"embeddable":true,"href":"https:\/\/panorando.ch\/de\/wp-json\/wp\/v2\/users\/1"}],"replies":[{"embeddable":true,"href":"https:\/\/panorando.ch\/de\/wp-json\/wp\/v2\/comments?post=1897"}],"version-history":[{"count":5,"href":"https:\/\/panorando.ch\/de\/wp-json\/wp\/v2\/pages\/1897\/revisions"}],"predecessor-version":[{"id":1926,"href":"https:\/\/panorando.ch\/de\/wp-json\/wp\/v2\/pages\/1897\/revisions\/1926"}],"wp:attachment":[{"href":"https:\/\/panorando.ch\/de\/wp-json\/wp\/v2\/media?parent=1897"}],"curies":[{"name":"wp","href":"https:\/\/api.w.org\/{rel}","templated":true}]}}